{"id":10421,"date":"2025-02-06T20:31:14","date_gmt":"2025-02-06T20:31:14","guid":{"rendered":"https:\/\/geexportsas.com\/?page_id=10421"},"modified":"2025-02-06T20:32:07","modified_gmt":"2025-02-06T20:32:07","slug":"cookies","status":"publish","type":"page","link":"https:\/\/geexportsas.com\/en\/cookies\/","title":{"rendered":"Cookies Policy"},"content":{"rendered":"<div data-elementor-type=\"wp-page\" data-elementor-id=\"10421\" class=\"elementor elementor-10421\">\n\t\t\t\t<div class=\"elementor-element elementor-element-606b8bc e-flex e-con-boxed e-con e-parent\" data-id=\"606b8bc\" data-element_type=\"container\">\n\t\t\t\t\t<div class=\"e-con-inner\">\n\t\t\t\t<div class=\"elementor-element elementor-element-10a7e79 elementor-widget elementor-widget-text-editor\" data-id=\"10a7e79\" data-element_type=\"widget\" data-widget_type=\"text-editor.default\">\n\t\t\t\t<div class=\"elementor-widget-container\">\n\t\t\t\t\t\t\t\t\t<h2><strong>1. Introducci\u00f3n<\/strong><\/h2><p>En <strong>Geexport SAS<\/strong>, utilizamos cookies y tecnolog\u00edas similares en nuestro sitio web para mejorar la experiencia del usuario, personalizar el contenido y analizar el tr\u00e1fico. Esta pol\u00edtica explica qu\u00e9 son las cookies, c\u00f3mo las usamos y c\u00f3mo puedes gestionarlas.<\/p><p>Al continuar navegando en nuestro sitio web, aceptas el uso de cookies de acuerdo con esta pol\u00edtica.<\/p><h2><strong>2. \u00bfQu\u00e9 son las cookies?<\/strong><\/h2><p>Las cookies son peque\u00f1os archivos de texto que un sitio web guarda en tu dispositivo (computadora, tablet o m\u00f3vil) cuando lo visitas. Estos archivos almacenan informaci\u00f3n sobre tu navegaci\u00f3n para mejorar la funcionalidad del sitio y personalizar la experiencia.<\/p><h2><strong>3. Tipos de Cookies que Utilizamos<\/strong><\/h2><p>Geexport SAS utiliza los siguientes tipos de cookies en su sitio web:<\/p><h3><strong>a. Cookies Necesarias<\/strong><\/h3><ul><li>Permiten el funcionamiento b\u00e1sico del sitio web.<\/li><li>No pueden desactivarse, ya que son esenciales para la navegaci\u00f3n.<\/li><\/ul><h3><strong>b. Cookies de Rendimiento<\/strong><\/h3><ul><li>Recopilan informaci\u00f3n sobre c\u00f3mo los usuarios utilizan nuestro sitio (por ejemplo, p\u00e1ginas visitadas y tiempo de navegaci\u00f3n).<\/li><li>Nos ayudan a mejorar el rendimiento y la experiencia del usuario.<\/li><\/ul><h3><strong>c. Cookies de Funcionalidad<\/strong><\/h3><ul><li>Permiten recordar preferencias como el idioma o la regi\u00f3n.<\/li><li>Mejoran la experiencia del usuario al personalizar el contenido.<\/li><\/ul><h3><strong>d. Cookies de Publicidad y Seguimiento<\/strong><\/h3><ul><li>Se utilizan para mostrar anuncios personalizados y medir la efectividad de campa\u00f1as publicitarias.<\/li><li>Algunas pueden ser instaladas por terceros (Google, Facebook, etc.).<\/li><\/ul><h2><strong>4. \u00bfC\u00f3mo Gestionar las Cookies?<\/strong><\/h2><p>Puedes aceptar, rechazar o eliminar las cookies en cualquier momento a trav\u00e9s de la configuraci\u00f3n de tu navegador. A continuaci\u00f3n, te dejamos enlaces para gestionar las cookies en los navegadores m\u00e1s populares:<\/p><ul><li><strong>Google Chrome:<\/strong> <a target=\"_new\" rel=\"noopener\">Administrar cookies en Chrome<\/a><\/li><li><strong>Mozilla Firefox:<\/strong> <a href=\"https:\/\/support.mozilla.org\/es\/kb\/Deshabilitar%20cookies%20de%20terceros\" target=\"_new\" rel=\"noopener\">Administrar cookies en Firefox<\/a><\/li><li><strong>Microsoft Edge:<\/strong> <a href=\"https:\/\/support.microsoft.com\/es-es\/microsoft-edge\/verificar-las-configuraciones-de-privacidad-y-seguridad-en-microsoft-edge-8fe5fa19-0e4b-d576-5b8f-7a34e5393f5c\" target=\"_new\" rel=\"noopener\">Administrar cookies en Edge<\/a><\/li><li><strong>Safari:<\/strong> <a href=\"https:\/\/support.apple.com\/es-es\/guide\/safari\/sfri11471\/mac\" target=\"_new\" rel=\"noopener\">Administrar cookies en Safari<\/a><\/li><\/ul><p>Si desactivas algunas cookies, es posible que ciertas funcionalidades del sitio web no se ejecuten correctamente.<\/p><h2><strong>5. Cookies de Terceros<\/strong><\/h2><p>Nuestro sitio web puede utilizar cookies de terceros, como Google Analytics, Facebook Pixel o herramientas publicitarias, para analizar el tr\u00e1fico y mejorar el rendimiento. Estas cookies est\u00e1n sujetas a las pol\u00edticas de privacidad de sus respectivos proveedores.<\/p><h2><strong>6. Cambios en la Pol\u00edtica de Cookies<\/strong><\/h2><p>Podemos actualizar esta pol\u00edtica en cualquier momento. Te recomendamos revisar esta p\u00e1gina peri\u00f3dicamente para estar informado sobre c\u00f3mo protegemos tu privacidad.<\/p><h2><strong>7. Contacto<\/strong><\/h2><p>Si tienes preguntas sobre nuestra Pol\u00edtica de Cookies, puedes contactarnos a trav\u00e9s de:<\/p><p>\ud83d\udce7 <strong>Correo Electr\u00f3nico:<\/strong> <a rel=\"noopener\">geexportsas@gmail.com<\/a><br \/>\ud83d\udcde <strong>Tel\u00e9fono:<\/strong> +57 313 4033401<\/p>\t\t\t\t\t\t\t\t<\/div>\n\t\t\t\t<\/div>\n\t\t\t\t\t<\/div>\n\t\t\t\t<\/div>\n\t\t\t\t<\/div>","protected":false},"excerpt":{"rendered":"","protected":false},"author":1,"featured_media":0,"parent":0,"menu_order":0,"comment_status":"closed","ping_status":"closed","template":"","meta":{"footnotes":""},"class_list":["post-10421","page","type-page","status-publish","hentry"],"_links":{"self":[{"href":"https:\/\/geexportsas.com\/en\/wp-json\/wp\/v2\/pages\/10421","targetHints":{"allow":["GET"]}}],"collection":[{"href":"https:\/\/geexportsas.com\/en\/wp-json\/wp\/v2\/pages"}],"about":[{"href":"https:\/\/geexportsas.com\/en\/wp-json\/wp\/v2\/types\/page"}],"author":[{"embeddable":true,"href":"https:\/\/geexportsas.com\/en\/wp-json\/wp\/v2\/users\/1"}],"replies":[{"embeddable":true,"href":"https:\/\/geexportsas.com\/en\/wp-json\/wp\/v2\/comments?post=10421"}],"version-history":[{"count":3,"href":"https:\/\/geexportsas.com\/en\/wp-json\/wp\/v2\/pages\/10421\/revisions"}],"predecessor-version":[{"id":10424,"href":"https:\/\/geexportsas.com\/en\/wp-json\/wp\/v2\/pages\/10421\/revisions\/10424"}],"wp:attachment":[{"href":"https:\/\/geexportsas.com\/en\/wp-json\/wp\/v2\/media?parent=10421"}],"curies":[{"name":"wp","href":"https:\/\/api.w.org\/{rel}","templated":true}]}}